{"id":26,"date":"2023-09-04T13:50:42","date_gmt":"2023-09-04T13:50:42","guid":{"rendered":"https:\/\/aslo-san.de\/index.php\/home\/"},"modified":"2024-07-19T10:11:19","modified_gmt":"2024-07-19T10:11:19","slug":"home","status":"publish","type":"page","link":"https:\/\/aslo-san.de\/","title":{"rendered":""},"content":{"rendered":"\n<p class=\"has-cyan-bluish-gray-background-color has-background has-small-font-size\"><\/p>\n\n\n\n<div class=\"alignnormal\"><div id=\"metaslider-id-220\" style=\"width: 100%; margin: 0 auto;\" class=\"ml-slider-3-106-0 metaslider metaslider-flex metaslider-220 ml-slider hide-arrows-smartphone hide-arrows-tablet has-carousel-mode ms-theme-default nav-hidden\" role=\"region\" aria-label=\"Feuer\" data-height=\"75\" data-width=\"150\">\n    <div id=\"metaslider_container_220\">\n        <div id=\"metaslider_220\">\n            <ul class='slides'>\n                <li style=\"display: none; width: 100%;\" class=\"slide-235 ms-image \" aria-roledescription=\"slide\" data-date=\"2024-05-10 14:12:20\" data-filename=\"Hain00360-150x75.jpg\" data-slide-type=\"image\"><img loading=\"lazy\" decoding=\"async\" src=\"https:\/\/aslo-san.de\/wp-content\/uploads\/2024\/05\/Hain00360-150x75.jpg\" height=\"75\" width=\"150\" alt=\"\" class=\"slider-220 slide-235 msDefaultImage\" title=\"Exif_JPEG_PICTURE\" \/><\/li>\n                <li style=\"display: none; width: 100%;\" class=\"slide-234 ms-image \" aria-roledescription=\"slide\" data-date=\"2024-05-10 14:12:20\" data-filename=\"Hain00356-1-150x75.jpg\" data-slide-type=\"image\"><img loading=\"lazy\" decoding=\"async\" src=\"https:\/\/aslo-san.de\/wp-content\/uploads\/2024\/05\/Hain00356-1-150x75.jpg\" height=\"75\" width=\"150\" alt=\"\" class=\"slider-220 slide-234 msDefaultImage\" title=\"Exif_JPEG_PICTURE\" \/><\/li>\n                <li style=\"display: none; width: 100%;\" class=\"slide-236 ms-image \" aria-roledescription=\"slide\" data-date=\"2024-05-10 14:12:21\" data-filename=\"Hain00367-150x75.jpg\" data-slide-type=\"image\"><img loading=\"lazy\" decoding=\"async\" src=\"https:\/\/aslo-san.de\/wp-content\/uploads\/2024\/05\/Hain00367-150x75.jpg\" height=\"75\" width=\"150\" alt=\"\" class=\"slider-220 slide-236 msDefaultImage\" title=\"Exif_JPEG_PICTURE\" \/><\/li>\n                <li style=\"display: none; width: 100%;\" class=\"slide-238 ms-image \" aria-roledescription=\"slide\" data-date=\"2024-05-10 14:12:21\" data-filename=\"Hain00348-e1720794096304-150x75.jpg\" data-slide-type=\"image\"><img loading=\"lazy\" decoding=\"async\" src=\"https:\/\/aslo-san.de\/wp-content\/uploads\/2024\/05\/Hain00348-e1720794096304-150x75.jpg\" height=\"75\" width=\"150\" alt=\"\" class=\"slider-220 slide-238 msDefaultImage\" title=\"Exif_JPEG_PICTURE\" \/><\/li>\n                <li style=\"display: none; width: 100%;\" class=\"slide-222 ms-image \" aria-roledescription=\"slide\" data-date=\"2024-05-10 14:11:22\" data-filename=\"20.jpg\" data-slide-type=\"image\"><img loading=\"lazy\" decoding=\"async\" src=\"https:\/\/aslo-san.de\/wp-content\/uploads\/2024\/05\/20.jpg\" height=\"75\" width=\"150\" alt=\"\" class=\"slider-220 slide-222 msDefaultImage\" title=\"20\" \/><\/li>\n                <li style=\"display: none; width: 100%;\" class=\"slide-237 ms-image \" aria-roledescription=\"slide\" data-date=\"2024-05-10 14:12:21\" data-filename=\"Hain00377-e1715351177605-150x75.jpg\" data-slide-type=\"image\"><img loading=\"lazy\" decoding=\"async\" src=\"https:\/\/aslo-san.de\/wp-content\/uploads\/2024\/05\/Hain00377-e1715351177605-150x75.jpg\" height=\"75\" width=\"150\" alt=\"\" class=\"slider-220 slide-237 msDefaultImage\" title=\"Exif_JPEG_PICTURE\" \/><\/li>\n                <li style=\"display: none; width: 100%;\" class=\"slide-233 ms-image \" aria-roledescription=\"slide\" data-date=\"2024-05-10 14:12:20\" data-filename=\"Hain00352-150x75.jpg\" data-slide-type=\"image\"><img loading=\"lazy\" decoding=\"async\" src=\"https:\/\/aslo-san.de\/wp-content\/uploads\/2024\/05\/Hain00352-150x75.jpg\" height=\"75\" width=\"150\" alt=\"\" class=\"slider-220 slide-233 msDefaultImage\" title=\"Exif_JPEG_PICTURE\" \/><\/li>\n                <li style=\"display: none; width: 100%;\" class=\"slide-223 ms-image \" aria-roledescription=\"slide\" data-date=\"2024-05-10 14:11:22\" data-filename=\"13339717_1190803500953116_9014075906394231323_n.jpg\" data-slide-type=\"image\"><img loading=\"lazy\" decoding=\"async\" src=\"https:\/\/aslo-san.de\/wp-content\/uploads\/2024\/05\/13339717_1190803500953116_9014075906394231323_n.jpg\" height=\"75\" width=\"150\" alt=\"\" class=\"slider-220 slide-223 msDefaultImage\" title=\"13339717_1190803500953116_9014075906394231323_n\" \/><\/li>\n                <li style=\"display: none; width: 100%;\" class=\"slide-232 ms-image \" aria-roledescription=\"slide\" data-date=\"2024-05-10 14:12:20\" data-filename=\"feuer1-150x75.jpg\" data-slide-type=\"image\"><img loading=\"lazy\" decoding=\"async\" src=\"https:\/\/aslo-san.de\/wp-content\/uploads\/2024\/05\/feuer1-150x75.jpg\" height=\"75\" width=\"150\" alt=\"\" class=\"slider-220 slide-232 msDefaultImage\" title=\"feuer1.\" \/><\/li>\n                <li style=\"display: none; width: 100%;\" class=\"slide-221 ms-image \" aria-roledescription=\"slide\" data-date=\"2024-05-10 14:11:22\" data-filename=\"17.jpg\" data-slide-type=\"image\"><img loading=\"lazy\" decoding=\"async\" src=\"https:\/\/aslo-san.de\/wp-content\/uploads\/2024\/05\/17.jpg\" height=\"75\" width=\"150\" alt=\"\" class=\"slider-220 slide-221 msDefaultImage\" title=\"17\" \/><\/li>\n            <\/ul>\n        <\/div>\n        \n    <\/div>\n<\/div><\/div>\n\n\n\n<h2 class=\"wp-block-heading has-text-align-center has-white-background-color has-text-color has-background has-link-color has-large-font-size wp-elements-1d001f12f2a1c4049cc7a6b9a13f2b46\" style=\"color:#801515\"><em>Schnell zur\u00fcck zur Normalit\u00e4t \u2013 Brand- und Wassersch\u00e4den in besten H\u00e4nden.<\/em><\/h2>\n\n\n\n<p>Willkommen bei der ASLO Sanierung GmbH, Ihrem zuverl\u00e4ssigen Partner f\u00fcr umfassende Brand- und Wasserschadensanierung \u2013 wir helfen Ihnen, nach einem Notfall schnell und effektiv wieder auf die Beine zu kommen.<\/p>\n\n\n\n<div style=\"height:82px\" aria-hidden=\"true\" class=\"wp-block-spacer\"><\/div>\n\n\n\n<hr class=\"wp-block-separator has-alpha-channel-opacity is-style-dots\"\/>\n\n\n\n<div style=\"height:60px\" aria-hidden=\"true\" class=\"wp-block-spacer\"><\/div>\n\n\n\n<div class=\"wp-block-media-text is-stacked-on-mobile is-image-fill\"><figure class=\"wp-block-media-text__media\" style=\"background-image:url(https:\/\/aslo-san.de\/wp-content\/uploads\/2024\/05\/IMG_20230320_104147-768x1024.jpg);background-position:65% 0%\"><img loading=\"lazy\" decoding=\"async\" width=\"768\" height=\"1024\" src=\"https:\/\/aslo-san.de\/wp-content\/uploads\/2024\/05\/IMG_20230320_104147-768x1024.jpg\" alt=\"\" class=\"wp-image-250 size-large\" srcset=\"https:\/\/aslo-san.de\/wp-content\/uploads\/2024\/05\/IMG_20230320_104147-768x1024.jpg 768w, https:\/\/aslo-san.de\/wp-content\/uploads\/2024\/05\/IMG_20230320_104147-225x300.jpg 225w, https:\/\/aslo-san.de\/wp-content\/uploads\/2024\/05\/IMG_20230320_104147-1152x1536.jpg 1152w, https:\/\/aslo-san.de\/wp-content\/uploads\/2024\/05\/IMG_20230320_104147-1536x2048.jpg 1536w, https:\/\/aslo-san.de\/wp-content\/uploads\/2024\/05\/IMG_20230320_104147.jpg 1560w\" sizes=\"auto, (max-width: 768px) 100vw, 768px\" \/><\/figure><div class=\"wp-block-media-text__content\">\n<h2 class=\"wp-block-heading\">Trocknung<\/h2>\n\n\n\n<p class=\".bookman-font {     font-family: 'Bookman Old Style', serif; }\">Wassersch\u00e4den k\u00f6nnen verheerende Auswirkungen auf Ihr Zuhause oder Ihr Gesch\u00e4ft haben und erfordern sofortiges Handeln, um weitere Sch\u00e4den zu verhindern und Ihre Immobilie zu sch\u00fctzen. Wir bieten professionelle Trocknungsarbeiten an, um Wassersch\u00e4den schnell und effektiv zu beheben und Ihr Eigentum wiederherzustellen.<\/p>\n\n\n\n<p><\/p>\n<\/div><\/div>\n\n\n\n<div style=\"height:100px\" aria-hidden=\"true\" class=\"wp-block-spacer\"><\/div>\n\n\n\n<hr class=\"wp-block-separator has-alpha-channel-opacity is-style-dots\"\/>\n\n\n\n<div style=\"height:100px\" aria-hidden=\"true\" class=\"wp-block-spacer\"><\/div>\n\n\n\n<div class=\"wp-block-media-text has-media-on-the-right is-stacked-on-mobile is-image-fill\"><div class=\"wp-block-media-text__content\">\n<h2 class=\"wp-block-heading\">Leckageortung<\/h2>\n\n\n\n<p>Leckagen k\u00f6nnen schwerwiegende Sch\u00e4den an Geb\u00e4uden, Anlagen und Rohrleitungen verursachen und zu kostspieligen Reparaturen f\u00fchren. Wir sind hier, um Ihnen dabei zu helfen, Leckagen schnell und effizient zu identifizieren und zu beheben, bevor sie zu gr\u00f6\u00dferen Problemen f\u00fchren.<\/p>\n\n\n\n<p>Von kleinen Haushaltslecks bis hin zu komplexen industriellen Leckagen &#8211; wir sind Ihr vertrauensw\u00fcrdiger Partner f\u00fcr alle Ihre Leckageortungsbed\u00fcrfnisse.<\/p>\n<\/div><figure class=\"wp-block-media-text__media\" style=\"background-image:url(https:\/\/aslo-san.de\/wp-content\/uploads\/2024\/05\/DSCF0008-1024x768.jpg);background-position:50% 50%\"><img loading=\"lazy\" decoding=\"async\" width=\"1024\" height=\"768\" src=\"https:\/\/aslo-san.de\/wp-content\/uploads\/2024\/05\/DSCF0008-1024x768.jpg\" alt=\"\" class=\"wp-image-245 size-full\" srcset=\"https:\/\/aslo-san.de\/wp-content\/uploads\/2024\/05\/DSCF0008-1024x768.jpg 1024w, https:\/\/aslo-san.de\/wp-content\/uploads\/2024\/05\/DSCF0008-300x225.jpg 300w, https:\/\/aslo-san.de\/wp-content\/uploads\/2024\/05\/DSCF0008-768x576.jpg 768w, https:\/\/aslo-san.de\/wp-content\/uploads\/2024\/05\/DSCF0008-1536x1152.jpg 1536w, https:\/\/aslo-san.de\/wp-content\/uploads\/2024\/05\/DSCF0008-800x600.jpg 800w, https:\/\/aslo-san.de\/wp-content\/uploads\/2024\/05\/DSCF0008-620x465.jpg 620w, https:\/\/aslo-san.de\/wp-content\/uploads\/2024\/05\/DSCF0008-400x300.jpg 400w, https:\/\/aslo-san.de\/wp-content\/uploads\/2024\/05\/DSCF0008.jpg 2048w\" sizes=\"auto, (max-width: 1024px) 100vw, 1024px\" \/><\/figure><\/div>\n\n\n\n<div style=\"height:100px\" aria-hidden=\"true\" class=\"wp-block-spacer\"><\/div>\n\n\n\n<hr class=\"wp-block-separator has-alpha-channel-opacity is-style-dots\"\/>\n\n\n\n<div style=\"height:100px\" aria-hidden=\"true\" class=\"wp-block-spacer\"><\/div>\n\n\n\n<div class=\"wp-block-media-text is-stacked-on-mobile is-image-fill\"><figure class=\"wp-block-media-text__media\" style=\"background-image:url(https:\/\/aslo-san.de\/wp-content\/uploads\/2024\/05\/17.jpg);background-position:50% 50%\"><img loading=\"lazy\" decoding=\"async\" width=\"800\" height=\"533\" src=\"https:\/\/aslo-san.de\/wp-content\/uploads\/2024\/05\/17.jpg\" alt=\"\" class=\"wp-image-217 size-full\"\/><\/figure><div class=\"wp-block-media-text__content\">\n<h2 class=\"wp-block-heading\">Brandschadensanierung<\/h2>\n\n\n\n<p>Nach einem Brand braucht Ihr Zuhause oder Unternehmen professionelle Hilfe. Unsere Brandschadensanierungsexperten stehen bereit, um schnell und effizient zu handeln. Von der Reinigung von Ru\u00df bis zur Wiederherstellung besch\u00e4digter Strukturen bieten wir umfassende Dienstleistungen f\u00fcr eine schnelle R\u00fcckkehr zur Normalit\u00e4t. Mit modernsten Techniken und Fachkenntnissen k\u00fcmmern wir uns um jede Phase der Sanierung. <\/p>\n<\/div><\/div>\n\n\n\n<div style=\"height:100px\" aria-hidden=\"true\" class=\"wp-block-spacer\"><\/div>\n\n\n\n<hr class=\"wp-block-separator has-alpha-channel-opacity is-style-dots\"\/>\n\n\n\n<div style=\"height:100px\" aria-hidden=\"true\" class=\"wp-block-spacer\"><\/div>\n\n\n\n<div class=\"wp-block-media-text has-media-on-the-right is-stacked-on-mobile is-image-fill\"><div class=\"wp-block-media-text__content\">\n<h2 class=\"wp-block-heading\">Demontage<\/h2>\n\n\n\n<p>Neben unseren umfassenden Dienstleistungen bieten wir auch professionelle Demontagearbeiten an. Ob bei Renovierungsprojekten, nach einem Schaden oder zur Vorbereitung eines Umbaus \u2013 eine fachgerechte Demontage ist entscheidend f\u00fcr den reibungslosen Ablauf und den Erfolg Ihres Projekts. Wir sind Ihr verl\u00e4sslicher Partner, wenn es darum geht, Demontagearbeiten schnell und sicher durchzuf\u00fchren.<\/p>\n\n\n\n<p>Mit unserer langj\u00e4hrigen Erfahrung und einem engagierten Team gew\u00e4hrleisten wir, dass Ihre Demontagearbeiten reibungslos und effizient verlaufen. <\/p>\n<\/div><figure class=\"wp-block-media-text__media\" style=\"background-image:url(https:\/\/aslo-san.de\/wp-content\/uploads\/2024\/05\/Hain00356-e1715348976321-1024x432.jpg);background-position:50% 50%\"><img loading=\"lazy\" decoding=\"async\" width=\"1024\" height=\"432\" src=\"https:\/\/aslo-san.de\/wp-content\/uploads\/2024\/05\/Hain00356-e1715348976321-1024x432.jpg\" alt=\"\" class=\"wp-image-204 size-full\" srcset=\"https:\/\/aslo-san.de\/wp-content\/uploads\/2024\/05\/Hain00356-e1715348976321-1024x432.jpg 1024w, https:\/\/aslo-san.de\/wp-content\/uploads\/2024\/05\/Hain00356-e1715348976321-300x127.jpg 300w, https:\/\/aslo-san.de\/wp-content\/uploads\/2024\/05\/Hain00356-e1715348976321-768x324.jpg 768w, https:\/\/aslo-san.de\/wp-content\/uploads\/2024\/05\/Hain00356-e1715348976321-1536x649.jpg 1536w, https:\/\/aslo-san.de\/wp-content\/uploads\/2024\/05\/Hain00356-e1715348976321.jpg 1672w\" sizes=\"auto, (max-width: 1024px) 100vw, 1024px\" \/><\/figure><\/div>\n\n\n\n<div style=\"height:100px\" aria-hidden=\"true\" class=\"wp-block-spacer\"><\/div>\n\n\n\n<hr class=\"wp-block-separator has-alpha-channel-opacity is-style-dots\"\/>\n\n\n\n<div style=\"height:100px\" aria-hidden=\"true\" class=\"wp-block-spacer\"><\/div>\n\n\n\n<div class=\"wp-block-media-text is-stacked-on-mobile is-image-fill\"><figure class=\"wp-block-media-text__media\" style=\"background-image:url(https:\/\/aslo-san.de\/wp-content\/uploads\/2024\/05\/Hain00367-1024x768.jpg);background-position:50% 50%\"><img loading=\"lazy\" decoding=\"async\" width=\"1024\" height=\"768\" src=\"https:\/\/aslo-san.de\/wp-content\/uploads\/2024\/05\/Hain00367-1024x768.jpg\" alt=\"\" class=\"wp-image-228 size-full\" srcset=\"https:\/\/aslo-san.de\/wp-content\/uploads\/2024\/05\/Hain00367-1024x768.jpg 1024w, https:\/\/aslo-san.de\/wp-content\/uploads\/2024\/05\/Hain00367-300x225.jpg 300w, https:\/\/aslo-san.de\/wp-content\/uploads\/2024\/05\/Hain00367-768x576.jpg 768w, https:\/\/aslo-san.de\/wp-content\/uploads\/2024\/05\/Hain00367-1536x1152.jpg 1536w, https:\/\/aslo-san.de\/wp-content\/uploads\/2024\/05\/Hain00367.jpg 2048w\" sizes=\"auto, (max-width: 1024px) 100vw, 1024px\" \/><\/figure><div class=\"wp-block-media-text__content\">\n<h2 class=\"wp-block-heading\">Reinigung<\/h2>\n\n\n\n<p>Ein Schadenereignis, sei es durch Wasser, Feuer oder Sturm, hinterl\u00e4sst oft eine Spur der Verw\u00fcstung. In solch belastenden Momenten ist es wichtig, einen kompetenten Partner an Ihrer Seite zu haben, der sich um die Reinigung und Wiederherstellung Ihrer R\u00e4umlichkeiten k\u00fcmmert. Wir sind dieser Partner.<\/p>\n<\/div><\/div>\n\n\n\n<div style=\"height:101px\" aria-hidden=\"true\" class=\"wp-block-spacer\"><\/div>\n\n\n\n<hr class=\"wp-block-separator has-alpha-channel-opacity is-style-dots\"\/>\n\n\n\n<div style=\"height:100px\" aria-hidden=\"true\" class=\"wp-block-spacer\"><\/div>\n\n\n\n<div class=\"wp-block-media-text has-media-on-the-right is-stacked-on-mobile is-image-fill\"><div class=\"wp-block-media-text__content\">\n<h2 class=\"wp-block-heading\">Wiederaufbau<\/h2>\n\n\n\n<p>Die Wiederherstellung der R\u00e4umlichkeiten nach einem Schadenereignis erfordert Fachwissen, Engagement und eine schnelle Reaktion. Wir sind Ihre verl\u00e4sslichen Partner, wenn es darum geht, die Wiederaufbauarbeiten effizient und professionell durchzuf\u00fchren.<\/p>\n<\/div><figure class=\"wp-block-media-text__media\" style=\"background-image:url(https:\/\/aslo-san.de\/wp-content\/uploads\/2024\/05\/Hain00360-1024x768.jpg);background-position:50% 50%\"><img loading=\"lazy\" decoding=\"async\" width=\"1024\" height=\"768\" src=\"https:\/\/aslo-san.de\/wp-content\/uploads\/2024\/05\/Hain00360-1024x768.jpg\" alt=\"\" class=\"wp-image-227 size-full\" srcset=\"https:\/\/aslo-san.de\/wp-content\/uploads\/2024\/05\/Hain00360-1024x768.jpg 1024w, https:\/\/aslo-san.de\/wp-content\/uploads\/2024\/05\/Hain00360-300x225.jpg 300w, https:\/\/aslo-san.de\/wp-content\/uploads\/2024\/05\/Hain00360-768x576.jpg 768w, https:\/\/aslo-san.de\/wp-content\/uploads\/2024\/05\/Hain00360-1536x1152.jpg 1536w, https:\/\/aslo-san.de\/wp-content\/uploads\/2024\/05\/Hain00360.jpg 2048w\" sizes=\"auto, (max-width: 1024px) 100vw, 1024px\" \/><\/figure><\/div>\n\n\n\n<div style=\"height:100px\" aria-hidden=\"true\" class=\"wp-block-spacer\"><\/div>\n\n\n\n<hr class=\"wp-block-separator has-alpha-channel-opacity is-style-dots\"\/>\n\n\n\n<div style=\"height:100px\" aria-hidden=\"true\" class=\"wp-block-spacer\"><\/div>\n\n\n\n<div class=\"wp-block-media-text is-stacked-on-mobile is-image-fill\"><figure class=\"wp-block-media-text__media\" style=\"background-image:url(https:\/\/aslo-san.de\/wp-content\/uploads\/2024\/05\/IMG_20230320_104425-768x1024.jpg);background-position:50% 50%\"><img loading=\"lazy\" decoding=\"async\" width=\"768\" height=\"1024\" src=\"https:\/\/aslo-san.de\/wp-content\/uploads\/2024\/05\/IMG_20230320_104425-768x1024.jpg\" alt=\"\" class=\"wp-image-251 size-full\" srcset=\"https:\/\/aslo-san.de\/wp-content\/uploads\/2024\/05\/IMG_20230320_104425-768x1024.jpg 768w, https:\/\/aslo-san.de\/wp-content\/uploads\/2024\/05\/IMG_20230320_104425-225x300.jpg 225w, https:\/\/aslo-san.de\/wp-content\/uploads\/2024\/05\/IMG_20230320_104425-1152x1536.jpg 1152w, https:\/\/aslo-san.de\/wp-content\/uploads\/2024\/05\/IMG_20230320_104425-1536x2048.jpg 1536w, https:\/\/aslo-san.de\/wp-content\/uploads\/2024\/05\/IMG_20230320_104425.jpg 1560w\" sizes=\"auto, (max-width: 768px) 100vw, 768px\" \/><\/figure><div class=\"wp-block-media-text__content\">\n<h2 class=\"wp-block-heading\">Bautrocknung<\/h2>\n\n\n\n<p>Wir \u00fcbernehmen auch Ihre Bautrocknung<\/p>\n\n\n\n<p>Wenn Feuchtigkeit in Ihre Bauprojekte eindringt, sind wir Ihr zuverl\u00e4ssiger Partner f\u00fcr die Bautrocknung. Unsere modernen Trocknungstechnologien und unser erfahrenes Team garantieren eine fachgerechte und nachhaltige L\u00f6sung f\u00fcr Ihre Feuchtigkeitsprobleme.<\/p>\n\n\n\n<p><\/p>\n\n\n\n<p><\/p>\n<\/div><\/div>\n","protected":false},"excerpt":{"rendered":"<p>Schnell zur\u00fcck zur Normalit\u00e4t \u2013 Brand- und Wassersch\u00e4den in besten H\u00e4nden. Willkommen bei der ASLO Sanierung GmbH, Ihrem zuverl\u00e4ssigen Partner f\u00fcr umfassende Brand- und Wasserschadensanierung \u2013 wir helfen Ihnen, nach&hellip;<\/p>\n","protected":false},"author":1,"featured_media":0,"parent":0,"menu_order":0,"comment_status":"closed","ping_status":"closed","template":"","meta":{"footnotes":""},"class_list":["post-26","page","type-page","status-publish","hentry"],"_links":{"self":[{"href":"https:\/\/aslo-san.de\/index.php\/wp-json\/wp\/v2\/pages\/26","targetHints":{"allow":["GET"]}}],"collection":[{"href":"https:\/\/aslo-san.de\/index.php\/wp-json\/wp\/v2\/pages"}],"about":[{"href":"https:\/\/aslo-san.de\/index.php\/wp-json\/wp\/v2\/types\/page"}],"author":[{"embeddable":true,"href":"https:\/\/aslo-san.de\/index.php\/wp-json\/wp\/v2\/users\/1"}],"replies":[{"embeddable":true,"href":"https:\/\/aslo-san.de\/index.php\/wp-json\/wp\/v2\/comments?post=26"}],"version-history":[{"count":17,"href":"https:\/\/aslo-san.de\/index.php\/wp-json\/wp\/v2\/pages\/26\/revisions"}],"predecessor-version":[{"id":391,"href":"https:\/\/aslo-san.de\/index.php\/wp-json\/wp\/v2\/pages\/26\/revisions\/391"}],"wp:attachment":[{"href":"https:\/\/aslo-san.de\/index.php\/wp-json\/wp\/v2\/media?parent=26"}],"curies":[{"name":"wp","href":"https:\/\/api.w.org\/{rel}","templated":true}]}}